{"id":10954,"date":"2024-06-05T11:51:32","date_gmt":"2024-06-05T09:51:32","guid":{"rendered":"https:\/\/nextcom.no\/prov-systemet-gratis\/"},"modified":"2024-09-30T13:23:24","modified_gmt":"2024-09-30T11:23:24","slug":"try-the-system-for-free","status":"publish","type":"page","link":"https:\/\/nextcom.no\/en\/try-the-system-for-free\/","title":{"rendered":"Try the system for free"},"content":{"rendered":"\n<div class=\"wp-block-columns alignfull is-layout-flex wp-container-core-columns-is-layout-73c6c8b0 wp-block-columns-is-layout-flex\" style=\"margin-top:0;margin-bottom:0;padding-top:0;padding-bottom:0\">\n<div class=\"wp-block-column stack-first has-light-gray-background-color has-background is-layout-flow wp-block-column-is-layout-flow\" style=\"padding-top:var(--wp--preset--spacing--4-em);padding-right:var(--wp--preset--spacing--4-em);padding-bottom:var(--wp--preset--spacing--4-em);padding-left:var(--wp--preset--spacing--4-em)\">\n<h2 class=\"wp-block-heading has-text-align-center\">Try for free<\/h2>\n\n\n\n<p class=\"has-text-align-center\">Try Nextcom CRM completely free and without obligation for 14 days! Submit the form and we&#8217;ll contact you for a demonstration.<\/p>\n\n\n<section id=\"form-block_3196aa62ded7e071b458ac7f290ab6dc\" class=\"byggemodul form form-contact\">\n  <form name=\"kontaktskjema\" class=\"kontaktskjema\" method=\"post\" action=\"https:\/\/group.nextcom.no\/rest-api\/public\/v2.0\/crm-system\/contacts\/thirdparty-add\/landing-pages?id=3&amp;friendlyUrl=bc6hj6suca\"\n    onsubmit=\"return validateForm(this)\" novalidate\n    data-error-company=\"Company name is required\"\n    data-error-name=\"Name is required\"\n    data-error-email-empty=\"Email is required\"\n    data-error-email-invalid=\"is not a valid email\"\n    data-error-phone-empty=\"Phone number is required\"\n    data-error-phone-invalid=\"Mobile number must be at least 8 digits\"\n    data-error-thanks-message=\"Thank you for your inquiry!\">\n    <input type=\"text\" placeholder=\"Company Name\" id=\"CompanyName\" name=\"CompanyName\"\n      maxlength=\"100\" value=\"\" required>\n    <input type=\"text\" placeholder=\"Name\" id=\"Name\" name=\"FirstName\" maxlength=\"100\" value=\"\"\n      required>\n    <input type=\"email\" placeholder=\"Email\" id=\"Email\" name=\"Email\" maxlength=\"100\" value=\"\"\n      required>\n    <input type=\"text\" placeholder=\"Phone Number\" id=\"CellPhone\" name=\"CellPhone\"\n      maxlength=\"18\" value=\"\" required>\n            <ul class=\"gfield_checkbox\" id=\"input_1_5\">\n      <li class=\"gchoice_1_5_1\">\n        <input name=\"input_5.1\" type=\"checkbox\"\n          value=\"I hereby confirm that Nextcom AS may process my data in accordance with their privacy policy\"\n          id=\"choice_1_5_1\" required>\n        <label for=\"choice_1_5_1\" id=\"label_1_5_1\">\n          I hereby confirm that Nextcom AS may process my data in accordance with their          <a href=\"\/en\/privacy-policy\" target=\"_blank\">privacy policy<\/a>\n        <\/label>\n      <\/li>\n    <\/ul>\n    <input class=\"hidden-tag\" type=\"hidden\" name=\"Tag\" value=\"\">\n    <input type=\"submit\" id=\"provsystemetgratis\" class=\"btn\" value=\"Try for free\">\n    <div id=\"melding\" class=\"melding\"><\/div>\n  <\/form>\n<\/section><\/div>\n\n\n\n<div class=\"wp-block-column is-vertically-aligned-center has-white-background-color has-background is-layout-flow wp-block-column-is-layout-flow\" style=\"padding-top:var(--wp--preset--spacing--4-em);padding-right:var(--wp--preset--spacing--4-em);padding-bottom:var(--wp--preset--spacing--4-em);padding-left:var(--wp--preset--spacing--4-em)\">\n<div class=\"wp-block-columns is-layout-flex wp-container-core-columns-is-layout-df060404 wp-block-columns-is-layout-flex\" style=\"margin-top:0;margin-bottom:var(--wp--preset--spacing--3-em)\">\n<div class=\"wp-block-column is-layout-flow wp-container-core-column-is-layout-6be150da wp-block-column-is-layout-flow\">\n<figure class=\"wp-block-image aligncenter size-full is-resized\"><img loading=\"lazy\" decoding=\"async\" width=\"168\" height=\"168\" src=\"https:\/\/nextcom.no\/wp-content\/uploads\/2024\/02\/Ikon-Nextcom-1.png\" alt=\"Nextcom icon\" class=\"wp-image-10191\" style=\"width:100px\" srcset=\"https:\/\/nextcom.no\/wp-content\/uploads\/2024\/02\/Ikon-Nextcom-1.png 168w, https:\/\/nextcom.no\/wp-content\/uploads\/2024\/02\/Ikon-Nextcom-1-150x150.png 150w, https:\/\/nextcom.no\/wp-content\/uploads\/2024\/02\/Ikon-Nextcom-1-120x120.png 120w, https:\/\/nextcom.no\/wp-content\/uploads\/2024\/02\/Ikon-Nextcom-1-125x125.png 125w\" sizes=\"auto, (max-width: 168px) 100vw, 168px\" \/><\/figure>\n\n\n\n<h2 class=\"wp-block-heading has-text-align-center has-normal-font-size\">Quick implementation<\/h2>\n<\/div>\n\n\n\n<div class=\"wp-block-column is-layout-flow wp-container-core-column-is-layout-9231a2fd wp-block-column-is-layout-flow\" style=\"padding-top:0;padding-bottom:0\">\n<figure class=\"wp-block-image aligncenter size-full is-resized\"><img loading=\"lazy\" decoding=\"async\" width=\"168\" height=\"168\" src=\"https:\/\/nextcom.no\/wp-content\/uploads\/2024\/02\/Ikon-Nextcom-2.png\" alt=\"Nextcom icon\" class=\"wp-image-10193\" style=\"width:100px\" srcset=\"https:\/\/nextcom.no\/wp-content\/uploads\/2024\/02\/Ikon-Nextcom-2.png 168w, https:\/\/nextcom.no\/wp-content\/uploads\/2024\/02\/Ikon-Nextcom-2-150x150.png 150w, https:\/\/nextcom.no\/wp-content\/uploads\/2024\/02\/Ikon-Nextcom-2-120x120.png 120w, https:\/\/nextcom.no\/wp-content\/uploads\/2024\/02\/Ikon-Nextcom-2-125x125.png 125w\" sizes=\"auto, (max-width: 168px) 100vw, 168px\" \/><\/figure>\n\n\n\n<h2 class=\"wp-block-heading has-text-align-center has-normal-font-size\">Tailored to your needs<\/h2>\n<\/div>\n\n\n\n<div class=\"wp-block-column is-layout-flow wp-container-core-column-is-layout-6be150da wp-block-column-is-layout-flow\">\n<figure class=\"wp-block-image aligncenter size-full is-resized\"><img loading=\"lazy\" decoding=\"async\" width=\"168\" height=\"168\" src=\"https:\/\/nextcom.no\/wp-content\/uploads\/2024\/02\/Ikon-Nextcom-3.png\" alt=\"Nextcom icon\" class=\"wp-image-10195\" style=\"width:100px\" srcset=\"https:\/\/nextcom.no\/wp-content\/uploads\/2024\/02\/Ikon-Nextcom-3.png 168w, https:\/\/nextcom.no\/wp-content\/uploads\/2024\/02\/Ikon-Nextcom-3-150x150.png 150w, https:\/\/nextcom.no\/wp-content\/uploads\/2024\/02\/Ikon-Nextcom-3-120x120.png 120w, https:\/\/nextcom.no\/wp-content\/uploads\/2024\/02\/Ikon-Nextcom-3-125x125.png 125w\" sizes=\"auto, (max-width: 168px) 100vw, 168px\" \/><\/figure>\n\n\n\n<h2 class=\"wp-block-heading has-text-align-center has-normal-font-size\">Safe storage and fast support<\/h2>\n<\/div>\n<\/div>\n\n\n\n<div style=\"height:33px\" aria-hidden=\"true\" class=\"wp-block-spacer\"><\/div>\n\n\n<div style=\"margin-top:var(--wp--preset--spacing--3-em);margin-bottom:0;margin-left:0;margin-right:0;\" class=\"sp-references nah align wp-block-acf-references\" id=\"block_519b03c62cd13cbf393e959e679d0f2a\" style=\"margin-top: var:preset|spacing|3em;\"><div class=\"glide reference-slider\"><div class=\"glide__track\" data-glide-el=\"track\"><ul class=\"glide__slides\"><li class=\"glide__slide\"><div class=\"glide-image\"><img loading=\"lazy\" decoding=\"async\" width=\"194\" height=\"89\" src=\"https:\/\/nextcom.no\/wp-content\/uploads\/2022\/10\/SMB-Mobil.svg\" class=\"attachment-full size-full\" alt=\"logo smb mobil\" \/><\/div><!-- .glide-image --><div class=\"glide-content\"><p>Nextcom har bidratt til rask utvikling av viktig funksjonalitet.<\/p>\n<p class=\"glide-content-byline\">Amund Helland CEO SMB Mobil<\/p><\/div><!-- .glide-content --><\/li><li class=\"glide__slide\"><div class=\"glide-image\"><img loading=\"lazy\" decoding=\"async\" width=\"600\" height=\"184\" src=\"https:\/\/nextcom.no\/wp-content\/uploads\/2021\/12\/kraft-bank-logo-pos-footer.png\" class=\"attachment-full size-full\" alt=\"logo kraft bank\" srcset=\"https:\/\/nextcom.no\/wp-content\/uploads\/2021\/12\/kraft-bank-logo-pos-footer.png 600w, https:\/\/nextcom.no\/wp-content\/uploads\/2021\/12\/kraft-bank-logo-pos-footer-300x92.png 300w, https:\/\/nextcom.no\/wp-content\/uploads\/2021\/12\/kraft-bank-logo-pos-footer-440x135.png 440w, https:\/\/nextcom.no\/wp-content\/uploads\/2021\/12\/kraft-bank-logo-pos-footer-120x37.png 120w, https:\/\/nextcom.no\/wp-content\/uploads\/2021\/12\/kraft-bank-logo-pos-footer-320x98.png 320w\" sizes=\"auto, (max-width: 600px) 100vw, 600px\" \/><\/div><!-- .glide-image --><div class=\"glide-content\"><p>Vi gjorde en grundig behovsanalyse i forkant av valget, hvor vi hadde gjennomganger med flere st\u00f8rre leverand\u00f8rer, men valget falt til slutt p\u00e5 Nextcom<\/p>\n<p class=\"glide-content-byline\">Jonathan G. W. Sunnarvik<\/p><\/div><!-- .glide-content --><\/li><li class=\"glide__slide\"><div class=\"glide-image\"><img loading=\"lazy\" decoding=\"async\" width=\"1200\" height=\"512\" src=\"https:\/\/nextcom.no\/wp-content\/uploads\/2019\/02\/1200px-Tryg_logo.svg.png\" class=\"attachment-full size-full\" alt=\"\" srcset=\"https:\/\/nextcom.no\/wp-content\/uploads\/2019\/02\/1200px-Tryg_logo.svg.png 1200w, https:\/\/nextcom.no\/wp-content\/uploads\/2019\/02\/1200px-Tryg_logo.svg-300x128.png 300w, https:\/\/nextcom.no\/wp-content\/uploads\/2019\/02\/1200px-Tryg_logo.svg-1024x437.png 1024w, https:\/\/nextcom.no\/wp-content\/uploads\/2019\/02\/1200px-Tryg_logo.svg-768x328.png 768w, https:\/\/nextcom.no\/wp-content\/uploads\/2019\/02\/1200px-Tryg_logo.svg-440x188.png 440w, https:\/\/nextcom.no\/wp-content\/uploads\/2019\/02\/1200px-Tryg_logo.svg-120x51.png 120w, https:\/\/nextcom.no\/wp-content\/uploads\/2019\/02\/1200px-Tryg_logo.svg-320x137.png 320w\" sizes=\"auto, (max-width: 1200px) 100vw, 1200px\" \/><\/div><!-- .glide-image --><div class=\"glide-content\"><p>Vi fikk endelig orden p\u00e5 leadsprosessene v\u00e5re etter at Nextcom kom p\u00e5 banen.<\/p>\n<p class=\"glide-content-byline\">Fagsjef Jannicke N. Hansen<\/p><\/div><!-- .glide-content --><\/li><li class=\"glide__slide\"><div class=\"glide-image\"><img loading=\"lazy\" decoding=\"async\" width=\"69\" height=\"48\" src=\"https:\/\/nextcom.no\/wp-content\/uploads\/2019\/02\/ice-logo.svg\" class=\"attachment-full size-full\" alt=\"\" \/><\/div><!-- .glide-image --><div class=\"glide-content\"><p>Click and play; Nextcom sitt CRM gj\u00f8r det enkelt \u00e5 f\u00e5 ting p\u00e5 stell.<\/p>\n<p class=\"glide-content-byline\">Hamid Allahdadi, Channel Manager Partner Sales<\/p><\/div><!-- .glide-content --><\/li><\/ul><!-- .glide__slides --><\/div><!-- .glide__track --><div class=\"glide__arrows\" data-glide-el=\"controls\"><button class=\"glide__arrow glide__arrow--left\" data-glide-dir=\"&gt;\"><img decoding=\"async\" src=\"https:\/\/nextcom.no\/wp-content\/themes\/nextcom-sp\/library\/images\/icons\/arrow-simple-left.svg\" alt=\"Left arrow\"><\/button><button class=\"glide__arrow glide__arrow--right\" data-glide-dir=\"&lt;\"><img decoding=\"async\" src=\"https:\/\/nextcom.no\/wp-content\/themes\/nextcom-sp\/library\/images\/icons\/arrow-simple-right.svg\" alt=\"Right arrow\"><\/button><\/div><\/div><!-- .glide --><\/div><!-- .sp-references --><\/div>\n<\/div>\n\n\n\n<hr class=\"wp-block-separator alignfull has-text-color has-light-gray-color has-alpha-channel-opacity has-light-gray-background-color has-background\" style=\"margin-top:0\"\/>\n\n\n<div style=\"margin-top:var(--wp--preset--spacing--64);margin-bottom:var(--wp--preset--spacing--64);\" class=\"sp-logos alignfull nah alignfull wp-block-acf-logos\" id=\"block_8c9247304c1c37174276aff68697edd2\" style=\"margin-top: var:preset|spacing|64;margin-bottom: var:preset|spacing|64;\"><div class=\"sp-logo-grid\"><img decoding=\"async\" src=\"https:\/\/nextcom.no\/wp-content\/uploads\/2019\/02\/1200px-Tryg_logo.svg.png\" alt=\"\"><img decoding=\"async\" src=\"https:\/\/nextcom.no\/wp-content\/uploads\/2020\/10\/fortum.svg\" alt=\"\"><img decoding=\"async\" src=\"https:\/\/nextcom.no\/wp-content\/uploads\/2020\/10\/norges-energi.png\" alt=\"\"><img decoding=\"async\" src=\"https:\/\/nextcom.no\/wp-content\/uploads\/2019\/02\/ice-logo.svg\" alt=\"\"><img decoding=\"async\" src=\"https:\/\/nextcom.no\/wp-content\/uploads\/2020\/12\/amedia-logo.png\" alt=\"\"><img decoding=\"async\" src=\"https:\/\/nextcom.no\/wp-content\/uploads\/2021\/12\/kraft-bank-logo-pos-footer.png\" alt=\"logo kraft bank\"><img decoding=\"async\" src=\"https:\/\/nextcom.no\/wp-content\/uploads\/2024\/02\/Logo-4.png\" alt=\"Logo Fjordkraft\"><img decoding=\"async\" src=\"https:\/\/nextcom.no\/wp-content\/uploads\/2024\/02\/Logo-Talkmore.png\" alt=\"Logo Talkmore\"><img decoding=\"async\" src=\"https:\/\/nextcom.no\/wp-content\/uploads\/2024\/02\/Logo-6.png\" alt=\"Logo NextGentel\"><\/div><style type=\"text\/css\">#block_8c9247304c1c37174276aff68697edd2 .sp-logo-grid {\n    grid-template-columns: repeat(3, minmax(0, 1fr));\n  }@media (min-width: 768px) {\n    #block_8c9247304c1c37174276aff68697edd2 .sp-logo-grid {\n      grid-template-columns: repeat(9, minmax(0, 1fr));\n    }\n  }<\/style><\/div>\n\n\n<hr class=\"wp-block-separator alignfull has-text-color has-light-gray-color has-alpha-channel-opacity has-light-gray-background-color has-background\"\/>\n","protected":false},"excerpt":{"rendered":"<p>Try for free Try Nextcom CRM completely free and without obligation for 14 days! Submit the form and we&rsquo;ll contact you for a demonstration. Quick implementation Tailored to your needs Safe storage and fast support<\/p>\n","protected":false},"author":11,"featured_media":0,"parent":0,"menu_order":0,"comment_status":"closed","ping_status":"closed","template":"","meta":{"_acf_changed":false,"footnotes":""},"class_list":["post-10954","page","type-page","status-publish","hentry"],"acf":[],"_links":{"self":[{"href":"https:\/\/nextcom.no\/en\/wp-json\/wp\/v2\/pages\/10954","targetHints":{"allow":["GET"]}}],"collection":[{"href":"https:\/\/nextcom.no\/en\/wp-json\/wp\/v2\/pages"}],"about":[{"href":"https:\/\/nextcom.no\/en\/wp-json\/wp\/v2\/types\/page"}],"author":[{"embeddable":true,"href":"https:\/\/nextcom.no\/en\/wp-json\/wp\/v2\/users\/11"}],"replies":[{"embeddable":true,"href":"https:\/\/nextcom.no\/en\/wp-json\/wp\/v2\/comments?post=10954"}],"version-history":[{"count":4,"href":"https:\/\/nextcom.no\/en\/wp-json\/wp\/v2\/pages\/10954\/revisions"}],"predecessor-version":[{"id":11239,"href":"https:\/\/nextcom.no\/en\/wp-json\/wp\/v2\/pages\/10954\/revisions\/11239"}],"wp:attachment":[{"href":"https:\/\/nextcom.no\/en\/wp-json\/wp\/v2\/media?parent=10954"}],"curies":[{"name":"wp","href":"https:\/\/api.w.org\/{rel}","templated":true}]}}